{"id":19131,"date":"2026-05-05T12:21:26","date_gmt":"2026-05-05T12:21:26","guid":{"rendered":"https:\/\/streetspeaks.com\/?page_id=19131"},"modified":"2026-05-05T12:22:21","modified_gmt":"2026-05-05T12:22:21","slug":"apollo-ja-russalka","status":"publish","type":"page","link":"https:\/\/streetspeaks.com\/et\/apollo-ja-russalka\/","title":{"rendered":"Apollo ja Russalka"},"content":{"rendered":"\t\t<div data-elementor-type=\"wp-page\" data-elementor-id=\"19131\" class=\"elementor elementor-19131\">\n\t\t\t\t<div class=\"wd-negative-gap elementor-element elementor-element-fdabe51 e-flex e-con-boxed e-con e-parent\" data-id=\"fdabe51\" data-element_type=\"container\" data-e-type=\"container\">\n\t\t\t\t\t<div class=\"e-con-inner\">\n\t\t\t\t<div class=\"elementor-element elementor-element-f550021 elementor-widget elementor-widget-wd_image_or_svg\" data-id=\"f550021\" data-element_type=\"widget\" data-e-type=\"widget\" data-widget_type=\"wd_image_or_svg.default\">\n\t\t\t\t<div class=\"elementor-widget-container\">\n\t\t\t\t\t\n\t\t<div class=\"wd-image text-left\">\n\t\t\t\t\t\t\t\t<img fetchpriority=\"high\" decoding=\"async\" width=\"2560\" height=\"1856\" src=\"https:\/\/streetspeaks.com\/wp-content\/uploads\/2026\/05\/Apollo_Mermaid_edited-1-scaled.jpg\" class=\"attachment-full size-full\" alt=\"\" srcset=\"https:\/\/streetspeaks.com\/wp-content\/uploads\/2026\/05\/Apollo_Mermaid_edited-1-scaled.jpg 2560w, https:\/\/streetspeaks.com\/wp-content\/uploads\/2026\/05\/Apollo_Mermaid_edited-1-400x290.jpg 400w, https:\/\/streetspeaks.com\/wp-content\/uploads\/2026\/05\/Apollo_Mermaid_edited-1-1103x800.jpg 1103w, https:\/\/streetspeaks.com\/wp-content\/uploads\/2026\/05\/Apollo_Mermaid_edited-1-768x557.jpg 768w, https:\/\/streetspeaks.com\/wp-content\/uploads\/2026\/05\/Apollo_Mermaid_edited-1-1536x1114.jpg 1536w, https:\/\/streetspeaks.com\/wp-content\/uploads\/2026\/05\/Apollo_Mermaid_edited-1-2048x1485.jpg 2048w, https:\/\/streetspeaks.com\/wp-content\/uploads\/2026\/05\/Apollo_Mermaid_edited-1-430x312.jpg 430w, https:\/\/streetspeaks.com\/wp-content\/uploads\/2026\/05\/Apollo_Mermaid_edited-1-700x508.jpg 700w, https:\/\/streetspeaks.com\/wp-content\/uploads\/2026\/05\/Apollo_Mermaid_edited-1-150x109.jpg 150w\" sizes=\"(max-width: 2560px) 100vw, 2560px\" \/>\t\t\t\t\t<\/div>\n\n\t\t\t\t\t\t<\/div>\n\t\t\t\t<\/div>\n\t\t\t\t\t<\/div>\n\t\t\t\t<\/div>\n\t\t<div class=\"wd-negative-gap elementor-element elementor-element-8563ced e-flex e-con-boxed e-con e-parent\" data-id=\"8563ced\" data-element_type=\"container\" data-e-type=\"container\" data-settings=\"{&quot;background_background&quot;:&quot;classic&quot;}\">\n\t\t\t\t\t<div class=\"e-con-inner\">\n\t\t\t\t<div class=\"elementor-element elementor-element-1558015 elementor-widget__width-initial wd-width-100 elementor-widget elementor-widget-wd_title\" data-id=\"1558015\" data-element_type=\"widget\" data-e-type=\"widget\" data-widget_type=\"wd_title.default\">\n\t\t\t\t<div class=\"elementor-widget-container\">\n\t\t\t\t\t\t\t<div class=\"title-wrapper wd-set-mb reset-last-child wd-title-color-default wd-title-style-default wd-title-size-default text-center\">\n\n\t\t\t\n\t\t\t<div class=\"liner-continer\">\n\t\t\t\t<h4 class=\"woodmart-title-container title wd-fontsize-l\">Apollo ja Russalka v\u00f5i T\u00e4nav, kus Sa elad<\/h4> \n\t\t\t\t\t\t\t<\/div>\n\n\t\t\t\t\t\t\t<div class=\"title-after_title reset-last-child wd-fontsize-xs\">\n\t\t\t\t\t<p>2013, 56 x 76 cm, \u00f5li ja tu\u0161\u0161 paberil<\/p>\t\t\t\t<\/div>\n\t\t\t\t\t<\/div>\n\t\t\t\t\t\t<\/div>\n\t\t\t\t<\/div>\n\t\t\t\t\t<\/div>\n\t\t\t\t<\/div>\n\t\t\t\t<\/div>\n\t\t","protected":false},"excerpt":{"rendered":"<p>Apollo ja Russalka v\u00f5i T\u00e4nav, kus Sa elad 2013, 56 x 76 cm, \u00f5li ja tu\u0161\u0161 paberil<\/p>\n","protected":false},"author":5,"featured_media":0,"parent":0,"menu_order":0,"comment_status":"closed","ping_status":"closed","template":"","meta":{"footnotes":""},"class_list":["post-19131","page","type-page","status-publish","hentry"],"_links":{"self":[{"href":"https:\/\/streetspeaks.com\/et\/wp-json\/wp\/v2\/pages\/19131","targetHints":{"allow":["GET"]}}],"collection":[{"href":"https:\/\/streetspeaks.com\/et\/wp-json\/wp\/v2\/pages"}],"about":[{"href":"https:\/\/streetspeaks.com\/et\/wp-json\/wp\/v2\/types\/page"}],"author":[{"embeddable":true,"href":"https:\/\/streetspeaks.com\/et\/wp-json\/wp\/v2\/users\/5"}],"replies":[{"embeddable":true,"href":"https:\/\/streetspeaks.com\/et\/wp-json\/wp\/v2\/comments?post=19131"}],"version-history":[{"count":4,"href":"https:\/\/streetspeaks.com\/et\/wp-json\/wp\/v2\/pages\/19131\/revisions"}],"predecessor-version":[{"id":19135,"href":"https:\/\/streetspeaks.com\/et\/wp-json\/wp\/v2\/pages\/19131\/revisions\/19135"}],"wp:attachment":[{"href":"https:\/\/streetspeaks.com\/et\/wp-json\/wp\/v2\/media?parent=19131"}],"curies":[{"name":"wp","href":"https:\/\/api.w.org\/{rel}","templated":true}]}}