{"id":19089,"date":"2026-05-05T08:12:46","date_gmt":"2026-05-05T08:12:46","guid":{"rendered":"https:\/\/streetspeaks.com\/?page_id=19089"},"modified":"2026-05-05T08:14:53","modified_gmt":"2026-05-05T08:14:53","slug":"bouguereau-ja-koort","status":"publish","type":"page","link":"https:\/\/streetspeaks.com\/et\/bouguereau-ja-koort\/","title":{"rendered":"Bouguereau ja Koort"},"content":{"rendered":"\t\t<div data-elementor-type=\"wp-page\" data-elementor-id=\"19089\" class=\"elementor elementor-19089\">\n\t\t\t\t<div class=\"wd-negative-gap elementor-element elementor-element-12d0bdc e-flex e-con-boxed e-con e-parent\" data-id=\"12d0bdc\" data-element_type=\"container\" data-e-type=\"container\" data-settings=\"{&quot;background_background&quot;:&quot;classic&quot;}\">\n\t\t\t\t\t<div class=\"e-con-inner\">\n\t\t\t\t<div class=\"elementor-element elementor-element-ff1a9b1 wd-width-100 elementor-widget elementor-widget-wd_images_gallery\" data-id=\"ff1a9b1\" data-element_type=\"widget\" data-e-type=\"widget\" data-widget_type=\"wd_images_gallery.default\">\n\t\t\t\t<div class=\"elementor-widget-container\">\n\t\t\t\t\t\t\t<div class=\"wd-images-gallery photoswipe-images\" style=\"--wd-align-items:center; --wd-justify-content:center;\">\n\t\t\t\t\t\t<div class=\"wd-grid-g\" style=\"--wd-col-lg:2;--wd-col-md:2;--wd-col-sm:1;--wd-gap-lg:30px;--wd-gap-sm:10px;\" >\n\t\t\t\t\t\t\t\t\t\t\t\t\t\t\t\t\t\t<div class=\"wd-gallery-item wd-col\">\n\t\t\t\t\t\t\t\t\t\t\t\t\t<a  href=\"https:\/\/streetspeaks.com\/wp-content\/uploads\/2026\/05\/Bouguereau-Koort-Ed-2-scaled.jpg\" data-width=\"1801\" data-height=\"2560\" data-index=\"1\" data-elementor-open-lightbox=\"no\">\n\t\t\t\t\t\t\n\t\t\t\t\t\t<img fetchpriority=\"high\" decoding=\"async\" width=\"563\" height=\"800\" src=\"https:\/\/streetspeaks.com\/wp-content\/uploads\/2026\/05\/Bouguereau-Koort-Ed-2-563x800.jpg\" class=\"attachment-large size-large\" alt=\"Bouguereau Koort Ed 2\" srcset=\"https:\/\/streetspeaks.com\/wp-content\/uploads\/2026\/05\/Bouguereau-Koort-Ed-2-563x800.jpg 563w, https:\/\/streetspeaks.com\/wp-content\/uploads\/2026\/05\/Bouguereau-Koort-Ed-2-211x300.jpg 211w, https:\/\/streetspeaks.com\/wp-content\/uploads\/2026\/05\/Bouguereau-Koort-Ed-2-768x1092.jpg 768w, https:\/\/streetspeaks.com\/wp-content\/uploads\/2026\/05\/Bouguereau-Koort-Ed-2-1080x1536.jpg 1080w, https:\/\/streetspeaks.com\/wp-content\/uploads\/2026\/05\/Bouguereau-Koort-Ed-2-1441x2048.jpg 1441w, https:\/\/streetspeaks.com\/wp-content\/uploads\/2026\/05\/Bouguereau-Koort-Ed-2-430x611.jpg 430w, https:\/\/streetspeaks.com\/wp-content\/uploads\/2026\/05\/Bouguereau-Koort-Ed-2-700x995.jpg 700w, https:\/\/streetspeaks.com\/wp-content\/uploads\/2026\/05\/Bouguereau-Koort-Ed-2-150x213.jpg 150w, https:\/\/streetspeaks.com\/wp-content\/uploads\/2026\/05\/Bouguereau-Koort-Ed-2-scaled.jpg 1801w\" sizes=\"(max-width: 563px) 100vw, 563px\" \/>\n\t\t\t\t\t\t\t\t\t\t\t\t\t<\/a>\n\t\t\t\t\t\t\t\t\t\t\t<\/div>\n\t\t\t\t\t\t\t\t\t\t\t\t\t\t\t<div class=\"wd-gallery-item wd-col\">\n\t\t\t\t\t\t\t\t\t\t\t\t\t<a  href=\"https:\/\/streetspeaks.com\/wp-content\/uploads\/2026\/05\/IMG_4016-scaled.jpg\" data-width=\"1835\" data-height=\"2560\" data-index=\"2\" data-elementor-open-lightbox=\"no\">\n\t\t\t\t\t\t\n\t\t\t\t\t\t<img decoding=\"async\" width=\"574\" height=\"800\" src=\"https:\/\/streetspeaks.com\/wp-content\/uploads\/2026\/05\/IMG_4016-574x800.jpg\" class=\"attachment-large size-large\" alt=\"IMG_4016\" srcset=\"https:\/\/streetspeaks.com\/wp-content\/uploads\/2026\/05\/IMG_4016-574x800.jpg 574w, https:\/\/streetspeaks.com\/wp-content\/uploads\/2026\/05\/IMG_4016-215x300.jpg 215w, https:\/\/streetspeaks.com\/wp-content\/uploads\/2026\/05\/IMG_4016-768x1071.jpg 768w, https:\/\/streetspeaks.com\/wp-content\/uploads\/2026\/05\/IMG_4016-1101x1536.jpg 1101w, https:\/\/streetspeaks.com\/wp-content\/uploads\/2026\/05\/IMG_4016-1468x2048.jpg 1468w, https:\/\/streetspeaks.com\/wp-content\/uploads\/2026\/05\/IMG_4016-430x600.jpg 430w, https:\/\/streetspeaks.com\/wp-content\/uploads\/2026\/05\/IMG_4016-700x976.jpg 700w, https:\/\/streetspeaks.com\/wp-content\/uploads\/2026\/05\/IMG_4016-150x209.jpg 150w, https:\/\/streetspeaks.com\/wp-content\/uploads\/2026\/05\/IMG_4016-scaled.jpg 1835w\" sizes=\"(max-width: 574px) 100vw, 574px\" \/>\n\t\t\t\t\t\t\t\t\t\t\t\t\t<\/a>\n\t\t\t\t\t\t\t\t\t\t\t<\/div>\n\t\t\t\t\t\t\t\t\t\t\t\t\t<\/div>\n\t\t\t\t\t<\/div>\n\t\t\t\t\t\t<\/div>\n\t\t\t\t<\/div>\n\t\t\t\t\t<\/div>\n\t\t\t\t<\/div>\n\t\t<div class=\"wd-negative-gap elementor-element elementor-element-8563ced e-flex e-con-boxed e-con e-parent\" data-id=\"8563ced\" data-element_type=\"container\" data-e-type=\"container\" data-settings=\"{&quot;background_background&quot;:&quot;classic&quot;}\">\n\t\t\t\t\t<div class=\"e-con-inner\">\n\t\t\t\t<div class=\"elementor-element elementor-element-1558015 elementor-widget__width-initial wd-width-100 elementor-widget elementor-widget-wd_title\" data-id=\"1558015\" data-element_type=\"widget\" data-e-type=\"widget\" data-widget_type=\"wd_title.default\">\n\t\t\t\t<div class=\"elementor-widget-container\">\n\t\t\t\t\t\t\t<div class=\"title-wrapper wd-set-mb reset-last-child wd-title-color-default wd-title-style-default wd-title-size-default text-center\">\n\n\t\t\t\n\t\t\t<div class=\"liner-continer\">\n\t\t\t\t<h4 class=\"woodmart-title-container title wd-fontsize-l\">Adolphe Bouguereau stiilis t\u00fctarlaps Jaan Koordi metskitsega<\/h4> \n\t\t\t\t\t\t\t<\/div>\n\n\t\t\t\t\t\t\t<div class=\"title-after_title reset-last-child wd-fontsize-xs\">\n\t\t\t\t\t<p>2013, 42 x 29 cm, \u00f5li paberil, l\u00f5petamata maal vasakult, maalikavand paremalt<\/p>\t\t\t\t<\/div>\n\t\t\t\t\t<\/div>\n\t\t\t\t\t\t<\/div>\n\t\t\t\t<\/div>\n\t\t\t\t\t<\/div>\n\t\t\t\t<\/div>\n\t\t\t\t<\/div>\n\t\t","protected":false},"excerpt":{"rendered":"<p>Adolphe Bouguereau stiilis t\u00fctarlaps Jaan Koordi metskitsega 2013, 42 x 29 cm, \u00f5li paberil, l\u00f5petamata maal vasakult, maalikavand paremalt<\/p>\n","protected":false},"author":5,"featured_media":0,"parent":0,"menu_order":0,"comment_status":"closed","ping_status":"closed","template":"","meta":{"footnotes":""},"class_list":["post-19089","page","type-page","status-publish","hentry"],"_links":{"self":[{"href":"https:\/\/streetspeaks.com\/et\/wp-json\/wp\/v2\/pages\/19089","targetHints":{"allow":["GET"]}}],"collection":[{"href":"https:\/\/streetspeaks.com\/et\/wp-json\/wp\/v2\/pages"}],"about":[{"href":"https:\/\/streetspeaks.com\/et\/wp-json\/wp\/v2\/types\/page"}],"author":[{"embeddable":true,"href":"https:\/\/streetspeaks.com\/et\/wp-json\/wp\/v2\/users\/5"}],"replies":[{"embeddable":true,"href":"https:\/\/streetspeaks.com\/et\/wp-json\/wp\/v2\/comments?post=19089"}],"version-history":[{"count":4,"href":"https:\/\/streetspeaks.com\/et\/wp-json\/wp\/v2\/pages\/19089\/revisions"}],"predecessor-version":[{"id":19094,"href":"https:\/\/streetspeaks.com\/et\/wp-json\/wp\/v2\/pages\/19089\/revisions\/19094"}],"wp:attachment":[{"href":"https:\/\/streetspeaks.com\/et\/wp-json\/wp\/v2\/media?parent=19089"}],"curies":[{"name":"wp","href":"https:\/\/api.w.org\/{rel}","templated":true}]}}