{"id":19007,"date":"2026-05-04T12:00:36","date_gmt":"2026-05-04T12:00:36","guid":{"rendered":"https:\/\/streetspeaks.com\/?page_id=19007"},"modified":"2026-05-04T12:01:52","modified_gmt":"2026-05-04T12:01:52","slug":"linnaeus-ja-urania","status":"publish","type":"page","link":"https:\/\/streetspeaks.com\/et\/linnaeus-ja-urania\/","title":{"rendered":"Linnaeus ja Urania"},"content":{"rendered":"\t\t<div data-elementor-type=\"wp-page\" data-elementor-id=\"19007\" class=\"elementor elementor-19007\">\n\t\t\t\t<div class=\"wd-negative-gap elementor-element elementor-element-fdabe51 e-flex e-con-boxed e-con e-parent\" data-id=\"fdabe51\" data-element_type=\"container\" data-e-type=\"container\">\n\t\t\t\t\t<div class=\"e-con-inner\">\n\t\t\t\t<div class=\"elementor-element elementor-element-f550021 elementor-widget elementor-widget-wd_image_or_svg\" data-id=\"f550021\" data-element_type=\"widget\" data-e-type=\"widget\" data-widget_type=\"wd_image_or_svg.default\">\n\t\t\t\t<div class=\"elementor-widget-container\">\n\t\t\t\t\t\n\t\t<div class=\"wd-image text-left\">\n\t\t\t\t\t\t\t\t<img fetchpriority=\"high\" decoding=\"async\" width=\"2005\" height=\"2560\" src=\"https:\/\/streetspeaks.com\/wp-content\/uploads\/2026\/05\/Linnaeus_Urania_Ed_1-scaled.jpg\" class=\"attachment-full size-full\" alt=\"\" srcset=\"https:\/\/streetspeaks.com\/wp-content\/uploads\/2026\/05\/Linnaeus_Urania_Ed_1-scaled.jpg 2005w, https:\/\/streetspeaks.com\/wp-content\/uploads\/2026\/05\/Linnaeus_Urania_Ed_1-235x300.jpg 235w, https:\/\/streetspeaks.com\/wp-content\/uploads\/2026\/05\/Linnaeus_Urania_Ed_1-626x800.jpg 626w, https:\/\/streetspeaks.com\/wp-content\/uploads\/2026\/05\/Linnaeus_Urania_Ed_1-768x981.jpg 768w, https:\/\/streetspeaks.com\/wp-content\/uploads\/2026\/05\/Linnaeus_Urania_Ed_1-1203x1536.jpg 1203w, https:\/\/streetspeaks.com\/wp-content\/uploads\/2026\/05\/Linnaeus_Urania_Ed_1-1604x2048.jpg 1604w, https:\/\/streetspeaks.com\/wp-content\/uploads\/2026\/05\/Linnaeus_Urania_Ed_1-430x549.jpg 430w, https:\/\/streetspeaks.com\/wp-content\/uploads\/2026\/05\/Linnaeus_Urania_Ed_1-700x894.jpg 700w, https:\/\/streetspeaks.com\/wp-content\/uploads\/2026\/05\/Linnaeus_Urania_Ed_1-150x192.jpg 150w\" sizes=\"(max-width: 2005px) 100vw, 2005px\" \/>\t\t\t\t\t<\/div>\n\n\t\t\t\t\t\t<\/div>\n\t\t\t\t<\/div>\n\t\t\t\t\t<\/div>\n\t\t\t\t<\/div>\n\t\t<div class=\"wd-negative-gap elementor-element elementor-element-8563ced e-flex e-con-boxed e-con e-parent\" data-id=\"8563ced\" data-element_type=\"container\" data-e-type=\"container\" data-settings=\"{&quot;background_background&quot;:&quot;classic&quot;}\">\n\t\t\t\t\t<div class=\"e-con-inner\">\n\t\t\t\t<div class=\"elementor-element elementor-element-1558015 elementor-widget__width-initial wd-width-100 elementor-widget elementor-widget-wd_title\" data-id=\"1558015\" data-element_type=\"widget\" data-e-type=\"widget\" data-widget_type=\"wd_title.default\">\n\t\t\t\t<div class=\"elementor-widget-container\">\n\t\t\t\t\t\t\t<div class=\"title-wrapper wd-set-mb reset-last-child wd-title-color-default wd-title-style-default wd-title-size-default text-center\">\n\n\t\t\t\n\t\t\t<div class=\"liner-continer\">\n\t\t\t\t<h4 class=\"woodmart-title-container title wd-fontsize-l\">Carolus Linnaeus ja astronoomia muusa Urania v\u00f5i Maarjam\u00e4e memoriaali obelisk, millele on raiutud tekst Armastuse \u00fclemlaulust v\u00f5i 13.peat\u00fckst Apostol Pauluse 1 . kirjast korintlastele<\/h4> \n\t\t\t\t\t\t\t<\/div>\n\n\t\t\t\t\t\t\t<div class=\"title-after_title reset-last-child wd-fontsize-xs\">\n\t\t\t\t\t<p>2013, 91 x 71,5 cm, \u00f5li ja tu\u0161\u0161 paberil\u00a0 \u00a0<\/p>\t\t\t\t<\/div>\n\t\t\t\t\t<\/div>\n\t\t\t\t\t\t<\/div>\n\t\t\t\t<\/div>\n\t\t\t\t\t<\/div>\n\t\t\t\t<\/div>\n\t\t\t\t<\/div>\n\t\t","protected":false},"excerpt":{"rendered":"<p>Carolus Linnaeus ja astronoomia muusa Urania v\u00f5i Maarjam\u00e4e memoriaali obelisk, millele on raiutud tekst Armastuse \u00fclemlaulust v\u00f5i 13.peat\u00fckst Apostol Pauluse<\/p>\n","protected":false},"author":5,"featured_media":0,"parent":0,"menu_order":0,"comment_status":"closed","ping_status":"closed","template":"","meta":{"footnotes":""},"class_list":["post-19007","page","type-page","status-publish","hentry"],"_links":{"self":[{"href":"https:\/\/streetspeaks.com\/et\/wp-json\/wp\/v2\/pages\/19007","targetHints":{"allow":["GET"]}}],"collection":[{"href":"https:\/\/streetspeaks.com\/et\/wp-json\/wp\/v2\/pages"}],"about":[{"href":"https:\/\/streetspeaks.com\/et\/wp-json\/wp\/v2\/types\/page"}],"author":[{"embeddable":true,"href":"https:\/\/streetspeaks.com\/et\/wp-json\/wp\/v2\/users\/5"}],"replies":[{"embeddable":true,"href":"https:\/\/streetspeaks.com\/et\/wp-json\/wp\/v2\/comments?post=19007"}],"version-history":[{"count":4,"href":"https:\/\/streetspeaks.com\/et\/wp-json\/wp\/v2\/pages\/19007\/revisions"}],"predecessor-version":[{"id":19011,"href":"https:\/\/streetspeaks.com\/et\/wp-json\/wp\/v2\/pages\/19007\/revisions\/19011"}],"wp:attachment":[{"href":"https:\/\/streetspeaks.com\/et\/wp-json\/wp\/v2\/media?parent=19007"}],"curies":[{"name":"wp","href":"https:\/\/api.w.org\/{rel}","templated":true}]}}