{"id":18496,"date":"2026-04-29T11:53:43","date_gmt":"2026-04-29T11:53:43","guid":{"rendered":"https:\/\/streetspeaks.com\/?page_id=18496"},"modified":"2026-05-01T16:57:47","modified_gmt":"2026-05-01T16:57:47","slug":"visandeid-alpidest-nr-1","status":"publish","type":"page","link":"https:\/\/streetspeaks.com\/et\/visandeid-alpidest-nr-1\/","title":{"rendered":"Visandeid Alpidest nr 1"},"content":{"rendered":"\t\t<div data-elementor-type=\"wp-page\" data-elementor-id=\"18496\" class=\"elementor elementor-18496\">\n\t\t\t\t<div class=\"wd-negative-gap elementor-element elementor-element-e890471 e-flex e-con-boxed e-con e-parent\" data-id=\"e890471\" data-element_type=\"container\" data-e-type=\"container\" data-settings=\"{&quot;background_background&quot;:&quot;classic&quot;}\">\n\t\t\t\t\t<div class=\"e-con-inner\">\n\t\t<div class=\"elementor-element elementor-element-2fff707 e-con-full e-flex e-con e-child\" data-id=\"2fff707\" data-element_type=\"container\" data-e-type=\"container\">\n\t\t\t\t<div class=\"elementor-element elementor-element-cfa142d elementor-widget elementor-widget-wd_image_or_svg\" data-id=\"cfa142d\" data-element_type=\"widget\" data-e-type=\"widget\" data-widget_type=\"wd_image_or_svg.default\">\n\t\t\t\t<div class=\"elementor-widget-container\">\n\t\t\t\t\t\n\t\t<div class=\"wd-image text-center\">\n\t\t\t\t\t\t\t\t<img fetchpriority=\"high\" decoding=\"async\" width=\"500\" height=\"722\" src=\"https:\/\/streetspeaks.com\/wp-content\/uploads\/2026\/04\/20251212_122129-scaled-500x722.jpg\" class=\"attachment-500x size-500x\" alt=\"\" srcset=\"https:\/\/streetspeaks.com\/wp-content\/uploads\/2026\/04\/20251212_122129-scaled-500x722.jpg 500w, https:\/\/streetspeaks.com\/wp-content\/uploads\/2026\/04\/20251212_122129-208x300.jpg 208w, https:\/\/streetspeaks.com\/wp-content\/uploads\/2026\/04\/20251212_122129-554x800.jpg 554w, https:\/\/streetspeaks.com\/wp-content\/uploads\/2026\/04\/20251212_122129-768x1109.jpg 768w, https:\/\/streetspeaks.com\/wp-content\/uploads\/2026\/04\/20251212_122129-1064x1536.jpg 1064w, https:\/\/streetspeaks.com\/wp-content\/uploads\/2026\/04\/20251212_122129-1418x2048.jpg 1418w, https:\/\/streetspeaks.com\/wp-content\/uploads\/2026\/04\/20251212_122129-430x621.jpg 430w, https:\/\/streetspeaks.com\/wp-content\/uploads\/2026\/04\/20251212_122129-scaled-700x1011.jpg 700w, https:\/\/streetspeaks.com\/wp-content\/uploads\/2026\/04\/20251212_122129-150x217.jpg 150w, https:\/\/streetspeaks.com\/wp-content\/uploads\/2026\/04\/20251212_122129-scaled-800x1155.jpg 800w, https:\/\/streetspeaks.com\/wp-content\/uploads\/2026\/04\/20251212_122129-scaled-600x866.jpg 600w, https:\/\/streetspeaks.com\/wp-content\/uploads\/2026\/04\/20251212_122129-scaled.jpg 1773w\" sizes=\"(max-width: 500px) 100vw, 500px\" \/>\t\t\t\t\t<\/div>\n\n\t\t\t\t\t\t<\/div>\n\t\t\t\t<\/div>\n\t\t\t\t<\/div>\n\t\t\t\t\t<\/div>\n\t\t\t\t<\/div>\n\t\t<div class=\"wd-negative-gap elementor-element elementor-element-af2d483 e-flex e-con-boxed e-con e-parent\" data-id=\"af2d483\" data-element_type=\"container\" data-e-type=\"container\" data-settings=\"{&quot;background_background&quot;:&quot;classic&quot;}\">\n\t\t\t\t\t<div class=\"e-con-inner\">\n\t\t\t\t<div class=\"elementor-element elementor-element-89d1704 wd-width-100 elementor-widget elementor-widget-wd_title\" data-id=\"89d1704\" data-element_type=\"widget\" data-e-type=\"widget\" data-widget_type=\"wd_title.default\">\n\t\t\t\t<div class=\"elementor-widget-container\">\n\t\t\t\t\t\t\t<div class=\"title-wrapper wd-set-mb reset-last-child wd-title-color-default wd-title-style-default wd-title-size-default text-center\">\n\n\t\t\t\n\t\t\t<div class=\"liner-continer\">\n\t\t\t\t<h4 class=\"woodmart-title-container title wd-fontsize-l\">Eibsee Nr 1<\/h4> \n\t\t\t\t\t\t\t<\/div>\n\n\t\t\t\t\t\t\t<div class=\"title-after_title reset-last-child wd-fontsize-xs\">\n\t\t\t\t\t<p>2024, pliiats, koloreeritud paber, 29,5 x 21 cm<\/p>\t\t\t\t<\/div>\n\t\t\t\t\t<\/div>\n\t\t\t\t\t\t<\/div>\n\t\t\t\t<\/div>\n\t\t\t\t\t<\/div>\n\t\t\t\t<\/div>\n\t\t<div class=\"wd-negative-gap elementor-element elementor-element-04cd576 e-flex e-con-boxed e-con e-parent\" data-id=\"04cd576\" data-element_type=\"container\" data-e-type=\"container\" data-settings=\"{&quot;background_background&quot;:&quot;classic&quot;}\">\n\t\t\t\t\t<div class=\"e-con-inner\">\n\t\t\t\t<div class=\"elementor-element elementor-element-413d281 elementor-widget__width-initial elementor-widget elementor-widget-wd_text_block\" data-id=\"413d281\" data-element_type=\"widget\" data-e-type=\"widget\" data-widget_type=\"wd_text_block.default\">\n\t\t\t\t<div class=\"elementor-widget-container\">\n\t\t\t\t\t\t\t<div class=\"wd-text-block reset-last-child text-left\">\n\t\t\t\n\t\t\t<p>Maastik pole kunagi olnud mu t\u00f6\u00f6de keskseks teemaks, pigem taandus see peategevuse taustani. Ometi just sellest taustast, maastikust, algab uus loominguetapp p\u00e4rast peaaegu k\u00fcmneaastast pausi.<\/p><p>K\u00f5ik sarja visandid kujutavad Alpe \u2014 Saksamaa, Austria, \u0160veitsi ja Itaalia omi. Kahtlemata on see \u00fcks kaunimaid paiku maailmas. Siin esitatud joonistused \u00a0on visandid tulevastele suurematele kompositsioonidele.<\/p><p>Nende tulevaste kompositsioonide peategelane on Baieri Ludwig II. Need on m\u00f5eldud j\u00e4tkuna maalile <em>\u201eIgaviku valem ehk Baieri Ludwig II ja vaim\u201c<\/em> (2012).<\/p><p>Miks Ludwig II? V\u00f5ib-olla peitub vastus tema residentsis Schachenil \u2014 v\u00e4hem tuntud kui tema teised lossid, kuid mu meelest \u201eludwiglikum\u201c neist k\u00f5igist. Schachen ei ole lihtsalt \u00fcks paljudest 19. sajandi Euroopas Idamaa moe m\u00f5jul rajatud paviljonidest v\u00f5i kioskitest. See on erakordse isiksuse sisemaailma kontsentreeritud mudel \u2014 maailm, mis materialiseerus tema Alpide arhitektuuris.<\/p><p>K\u00f5ik tema lossid ei ole lossid tavap\u00e4rases m\u00f5ttes. Need ei j\u00e4ljenda keskaegseid kindlusi ega renessansspaleesid. Loss Schachenil on justkui kontseptuaalne objekt, milles \u00fcsna t\u00e4pselt v\u00e4ljendub Carl Gustav Jungi 1927.aasta artiklis \u201eHing ja maa\u201c (saksa keeles <em>Seele und Erde) <\/em><em>kirjeldatud hingemudel<\/em>.<\/p><p>V\u00e4liselt \u0160veitsi chalet\u2019 stiilis ehitatud jahimaja esimene korrus on kujundatud Renessansi stiilis, samas teise korruse \u201eT\u00fcrgi saal\u201c on pigem eurooplase fantaasia Idamaadest. Sama Jungi kohaselt, just Ida juba18.sajandi l\u00f5pust muutub eurooplasele, kelle kristliku templi altarile asetati M\u00f5istuse Jumalanna, vaimseks pelgupaigaks. Seega alpimaja teine korrus on Jugi artiklis kirjeldatud hinge struktuuri, konkreetselt 19.sajandi eurooplase hinge, \u00fclemiseks korruseks.<\/p>\n\t\t\t\t\t<\/div>\n\t\t\t\t\t\t<\/div>\n\t\t\t\t<\/div>\n\t\t\t\t\t<\/div>\n\t\t\t\t<\/div>\n\t\t<div class=\"wd-negative-gap elementor-element elementor-element-fc67326 e-flex e-con-boxed e-con e-parent\" data-id=\"fc67326\" data-element_type=\"container\" data-e-type=\"container\" data-settings=\"{&quot;background_background&quot;:&quot;classic&quot;}\">\n\t\t\t\t\t<div class=\"e-con-inner\">\n\t\t\t\t<div class=\"elementor-element elementor-element-e498959 elementor-widget elementor-widget-wd_image_or_svg\" data-id=\"e498959\" data-element_type=\"widget\" data-e-type=\"widget\" data-widget_type=\"wd_image_or_svg.default\">\n\t\t\t\t<div class=\"elementor-widget-container\">\n\t\t\t\t\t\n\t\t<div class=\"wd-image text-center\">\n\t\t\t\t\t\t\t\t<img decoding=\"async\" width=\"500\" height=\"723\" src=\"https:\/\/streetspeaks.com\/wp-content\/uploads\/2026\/04\/20251212_122139-scaled-500x723.jpg\" class=\"attachment-500x size-500x\" alt=\"\" srcset=\"https:\/\/streetspeaks.com\/wp-content\/uploads\/2026\/04\/20251212_122139-scaled-500x723.jpg 500w, https:\/\/streetspeaks.com\/wp-content\/uploads\/2026\/04\/20251212_122139-207x300.jpg 207w, https:\/\/streetspeaks.com\/wp-content\/uploads\/2026\/04\/20251212_122139-553x800.jpg 553w, https:\/\/streetspeaks.com\/wp-content\/uploads\/2026\/04\/20251212_122139-768x1110.jpg 768w, https:\/\/streetspeaks.com\/wp-content\/uploads\/2026\/04\/20251212_122139-1062x1536.jpg 1062w, https:\/\/streetspeaks.com\/wp-content\/uploads\/2026\/04\/20251212_122139-1416x2048.jpg 1416w, https:\/\/streetspeaks.com\/wp-content\/uploads\/2026\/04\/20251212_122139-430x622.jpg 430w, https:\/\/streetspeaks.com\/wp-content\/uploads\/2026\/04\/20251212_122139-700x1012.jpg 700w, https:\/\/streetspeaks.com\/wp-content\/uploads\/2026\/04\/20251212_122139-150x217.jpg 150w, https:\/\/streetspeaks.com\/wp-content\/uploads\/2026\/04\/20251212_122139-scaled.jpg 1770w\" sizes=\"(max-width: 500px) 100vw, 500px\" \/>\t\t\t\t\t<\/div>\n\n\t\t\t\t\t\t<\/div>\n\t\t\t\t<\/div>\n\t\t\t\t\t<\/div>\n\t\t\t\t<\/div>\n\t\t<div class=\"wd-negative-gap elementor-element elementor-element-5795396 e-flex e-con-boxed e-con e-parent\" data-id=\"5795396\" data-element_type=\"container\" data-e-type=\"container\" data-settings=\"{&quot;background_background&quot;:&quot;classic&quot;}\">\n\t\t\t\t\t<div class=\"e-con-inner\">\n\t\t\t\t<div class=\"elementor-element elementor-element-798ebe2 wd-width-100 elementor-widget elementor-widget-wd_title\" data-id=\"798ebe2\" data-element_type=\"widget\" data-e-type=\"widget\" data-widget_type=\"wd_title.default\">\n\t\t\t\t<div class=\"elementor-widget-container\">\n\t\t\t\t\t\t\t<div class=\"title-wrapper wd-set-mb reset-last-child wd-title-color-default wd-title-style-default wd-title-size-default text-center\">\n\n\t\t\t\n\t\t\t<div class=\"liner-continer\">\n\t\t\t\t<h4 class=\"woodmart-title-container title wd-fontsize-l\">Eibsee Nr 2<\/h4> \n\t\t\t\t\t\t\t<\/div>\n\n\t\t\t\t\t\t\t<div class=\"title-after_title reset-last-child wd-fontsize-xs\">\n\t\t\t\t\t<p>2024, pliiats, koloreeritud paber, 29,5 x 21 cm<\/p>\t\t\t\t<\/div>\n\t\t\t\t\t<\/div>\n\t\t\t\t\t\t<\/div>\n\t\t\t\t<\/div>\n\t\t\t\t\t<\/div>\n\t\t\t\t<\/div>\n\t\t<div class=\"wd-negative-gap elementor-element elementor-element-5e08a37 e-flex e-con-boxed e-con e-parent\" data-id=\"5e08a37\" data-element_type=\"container\" data-e-type=\"container\" data-settings=\"{&quot;background_background&quot;:&quot;classic&quot;}\">\n\t\t\t\t\t<div class=\"e-con-inner\">\n\t\t\t\t<div class=\"elementor-element elementor-element-0afeb64 elementor-widget elementor-widget-wd_image_or_svg\" data-id=\"0afeb64\" data-element_type=\"widget\" data-e-type=\"widget\" data-widget_type=\"wd_image_or_svg.default\">\n\t\t\t\t<div class=\"elementor-widget-container\">\n\t\t\t\t\t\n\t\t<div class=\"wd-image text-center\">\n\t\t\t\t\t\t\t\t<img decoding=\"async\" width=\"500\" height=\"730\" src=\"https:\/\/streetspeaks.com\/wp-content\/uploads\/2026\/04\/Schachen_1_Ed-scaled-500x730.jpg\" class=\"attachment-500x size-500x\" alt=\"\" srcset=\"https:\/\/streetspeaks.com\/wp-content\/uploads\/2026\/04\/Schachen_1_Ed-scaled-500x730.jpg 500w, https:\/\/streetspeaks.com\/wp-content\/uploads\/2026\/04\/Schachen_1_Ed-206x300.jpg 206w, https:\/\/streetspeaks.com\/wp-content\/uploads\/2026\/04\/Schachen_1_Ed-548x800.jpg 548w, https:\/\/streetspeaks.com\/wp-content\/uploads\/2026\/04\/Schachen_1_Ed-768x1121.jpg 768w, https:\/\/streetspeaks.com\/wp-content\/uploads\/2026\/04\/Schachen_1_Ed-1052x1536.jpg 1052w, https:\/\/streetspeaks.com\/wp-content\/uploads\/2026\/04\/Schachen_1_Ed-1403x2048.jpg 1403w, https:\/\/streetspeaks.com\/wp-content\/uploads\/2026\/04\/Schachen_1_Ed-430x628.jpg 430w, https:\/\/streetspeaks.com\/wp-content\/uploads\/2026\/04\/Schachen_1_Ed-700x1022.jpg 700w, https:\/\/streetspeaks.com\/wp-content\/uploads\/2026\/04\/Schachen_1_Ed-150x219.jpg 150w, https:\/\/streetspeaks.com\/wp-content\/uploads\/2026\/04\/Schachen_1_Ed-scaled.jpg 1754w\" sizes=\"(max-width: 500px) 100vw, 500px\" \/>\t\t\t\t\t<\/div>\n\n\t\t\t\t\t\t<\/div>\n\t\t\t\t<\/div>\n\t\t\t\t\t<\/div>\n\t\t\t\t<\/div>\n\t\t<div class=\"wd-negative-gap elementor-element elementor-element-2cd9982 e-flex e-con-boxed e-con e-parent\" data-id=\"2cd9982\" data-element_type=\"container\" data-e-type=\"container\" data-settings=\"{&quot;background_background&quot;:&quot;classic&quot;}\">\n\t\t\t\t\t<div class=\"e-con-inner\">\n\t\t\t\t<div class=\"elementor-element elementor-element-628960f wd-width-100 elementor-widget elementor-widget-wd_title\" data-id=\"628960f\" data-element_type=\"widget\" data-e-type=\"widget\" data-widget_type=\"wd_title.default\">\n\t\t\t\t<div class=\"elementor-widget-container\">\n\t\t\t\t\t\t\t<div class=\"title-wrapper wd-set-mb reset-last-child wd-title-color-default wd-title-style-default wd-title-size-default text-center\">\n\n\t\t\t\n\t\t\t<div class=\"liner-continer\">\n\t\t\t\t<h4 class=\"woodmart-title-container title wd-fontsize-l\">Teel Ludwig II lossi juurde Schachenil<\/h4> \n\t\t\t\t\t\t\t<\/div>\n\n\t\t\t\t\t\t\t<div class=\"title-after_title reset-last-child wd-fontsize-xs\">\n\t\t\t\t\t<p>2024, pliiats, koloreeritud paber, 29,5 x 21 cm<\/p>\t\t\t\t<\/div>\n\t\t\t\t\t<\/div>\n\t\t\t\t\t\t<\/div>\n\t\t\t\t<\/div>\n\t\t\t\t\t<\/div>\n\t\t\t\t<\/div>\n\t\t<div class=\"wd-negative-gap elementor-element elementor-element-f504c37 e-flex e-con-boxed e-con e-parent\" data-id=\"f504c37\" data-element_type=\"container\" data-e-type=\"container\">\n\t\t\t\t\t<div class=\"e-con-inner\">\n\t\t\t\t<div class=\"elementor-element elementor-element-b2fc9a6 elementor-widget elementor-widget-wd_image_or_svg\" data-id=\"b2fc9a6\" data-element_type=\"widget\" data-e-type=\"widget\" data-widget_type=\"wd_image_or_svg.default\">\n\t\t\t\t<div class=\"elementor-widget-container\">\n\t\t\t\t\t\n\t\t<div class=\"wd-image text-left\">\n\t\t\t\t\t\t\t\t<img loading=\"lazy\" decoding=\"async\" width=\"1800\" height=\"800\" src=\"https:\/\/streetspeaks.com\/wp-content\/uploads\/2026\/05\/Schachen_photos_EST-copy.jpg\" class=\"attachment-full size-full\" alt=\"\" srcset=\"https:\/\/streetspeaks.com\/wp-content\/uploads\/2026\/05\/Schachen_photos_EST-copy.jpg 1800w, https:\/\/streetspeaks.com\/wp-content\/uploads\/2026\/05\/Schachen_photos_EST-copy-400x178.jpg 400w, https:\/\/streetspeaks.com\/wp-content\/uploads\/2026\/05\/Schachen_photos_EST-copy-1300x578.jpg 1300w, https:\/\/streetspeaks.com\/wp-content\/uploads\/2026\/05\/Schachen_photos_EST-copy-768x341.jpg 768w, https:\/\/streetspeaks.com\/wp-content\/uploads\/2026\/05\/Schachen_photos_EST-copy-1536x683.jpg 1536w, https:\/\/streetspeaks.com\/wp-content\/uploads\/2026\/05\/Schachen_photos_EST-copy-430x191.jpg 430w, https:\/\/streetspeaks.com\/wp-content\/uploads\/2026\/05\/Schachen_photos_EST-copy-700x311.jpg 700w, https:\/\/streetspeaks.com\/wp-content\/uploads\/2026\/05\/Schachen_photos_EST-copy-150x67.jpg 150w\" sizes=\"(max-width: 1800px) 100vw, 1800px\" \/>\t\t\t\t\t<\/div>\n\n\t\t\t\t\t\t<\/div>\n\t\t\t\t<\/div>\n\t\t\t\t\t<\/div>\n\t\t\t\t<\/div>\n\t\t<div class=\"wd-negative-gap elementor-element elementor-element-c82b247 e-flex e-con-boxed e-con e-parent\" data-id=\"c82b247\" data-element_type=\"container\" data-e-type=\"container\" data-settings=\"{&quot;background_background&quot;:&quot;classic&quot;}\">\n\t\t\t\t\t<div class=\"e-con-inner\">\n\t\t\t\t<div class=\"elementor-element elementor-element-2804952 elementor-widget__width-initial elementor-widget elementor-widget-wd_text_block\" data-id=\"2804952\" data-element_type=\"widget\" data-e-type=\"widget\" data-widget_type=\"wd_text_block.default\">\n\t\t\t\t<div class=\"elementor-widget-container\">\n\t\t\t\t\t\t\t<div class=\"wd-text-block reset-last-child text-left\">\n\t\t\t\n\t\t\t\n\t\t\t\t\t<\/div>\n\t\t\t\t\t\t<\/div>\n\t\t\t\t<\/div>\n\t\t\t\t<div class=\"elementor-element elementor-element-96a2530 elementor-widget elementor-widget-wd_image_or_svg\" data-id=\"96a2530\" data-element_type=\"widget\" data-e-type=\"widget\" data-widget_type=\"wd_image_or_svg.default\">\n\t\t\t\t<div class=\"elementor-widget-container\">\n\t\t\t\t\t\n\t\t<div class=\"wd-image text-left\">\n\t\t\t\t\t\t\t\t<img loading=\"lazy\" decoding=\"async\" width=\"1920\" height=\"1080\" src=\"https:\/\/streetspeaks.com\/wp-content\/uploads\/2026\/05\/Eternity-with-Flims-horse-2-copy-2.jpg\" class=\"attachment-full size-full\" alt=\"\" srcset=\"https:\/\/streetspeaks.com\/wp-content\/uploads\/2026\/05\/Eternity-with-Flims-horse-2-copy-2.jpg 1920w, https:\/\/streetspeaks.com\/wp-content\/uploads\/2026\/05\/Eternity-with-Flims-horse-2-copy-2-400x225.jpg 400w, https:\/\/streetspeaks.com\/wp-content\/uploads\/2026\/05\/Eternity-with-Flims-horse-2-copy-2-1300x731.jpg 1300w, https:\/\/streetspeaks.com\/wp-content\/uploads\/2026\/05\/Eternity-with-Flims-horse-2-copy-2-768x432.jpg 768w, https:\/\/streetspeaks.com\/wp-content\/uploads\/2026\/05\/Eternity-with-Flims-horse-2-copy-2-1536x864.jpg 1536w, https:\/\/streetspeaks.com\/wp-content\/uploads\/2026\/05\/Eternity-with-Flims-horse-2-copy-2-430x242.jpg 430w, https:\/\/streetspeaks.com\/wp-content\/uploads\/2026\/05\/Eternity-with-Flims-horse-2-copy-2-700x394.jpg 700w, https:\/\/streetspeaks.com\/wp-content\/uploads\/2026\/05\/Eternity-with-Flims-horse-2-copy-2-150x84.jpg 150w\" sizes=\"(max-width: 1920px) 100vw, 1920px\" \/>\t\t\t\t\t<\/div>\n\n\t\t\t\t\t\t<\/div>\n\t\t\t\t<\/div>\n\t\t\t\t<div class=\"elementor-element elementor-element-b01a104 wd-width-100 elementor-widget elementor-widget-wd_title\" data-id=\"b01a104\" data-element_type=\"widget\" data-e-type=\"widget\" data-widget_type=\"wd_title.default\">\n\t\t\t\t<div class=\"elementor-widget-container\">\n\t\t\t\t\t\t\t<div class=\"title-wrapper wd-set-mb reset-last-child wd-title-color-default wd-title-style-default wd-title-size-default text-center\">\n\n\t\t\t\t\t\t\t\t\t\t\t<div class=\"title-subtitle subtitle-color-default subtitle-style-default wd-fontsize-xs\">\n\t\t\t\t\tSari \u201eVisandeid Alpidest nr 1\u201c\t\t\t\t<\/div>\n\t\t\t\n\t\t\t<div class=\"liner-continer\">\n\t\t\t\t<h4 class=\"woodmart-title-container title wd-fontsize-l\">\u201eLudwig II Alpides\u201c <\/h4> \n\t\t\t\t\t\t\t<\/div>\n\n\t\t\t\t\t\t\t<div class=\"title-after_title reset-last-child wd-fontsize-xs\">\n\t\t\t\t\t<p>2012.a. t\u00f6\u00f6 \u201eIgaviku valem v\u00f5i Ludwig II ja viirastus\u201c p\u00f5hjal<\/p>\t\t\t\t<\/div>\n\t\t\t\t\t<\/div>\n\t\t\t\t\t\t<\/div>\n\t\t\t\t<\/div>\n\t\t\t\t\t<\/div>\n\t\t\t\t<\/div>\n\t\t<div class=\"wd-negative-gap elementor-element elementor-element-ac9ef66 e-flex e-con-boxed e-con e-parent\" data-id=\"ac9ef66\" data-element_type=\"container\" data-e-type=\"container\">\n\t\t\t\t\t<div class=\"e-con-inner\">\n\t\t\t\t\t<\/div>\n\t\t\t\t<\/div>\n\t\t\t\t<\/div>\n\t\t","protected":false},"excerpt":{"rendered":"<p>Eibsee Nr 1 2024, pliiats, koloreeritud paber, 29,5 x 21 cm Maastik pole kunagi olnud mu t\u00f6\u00f6de keskseks teemaks, pigem<\/p>\n","protected":false},"author":5,"featured_media":17104,"parent":0,"menu_order":0,"comment_status":"closed","ping_status":"closed","template":"","meta":{"footnotes":""},"class_list":["post-18496","page","type-page","status-publish","has-post-thumbnail","hentry"],"_links":{"self":[{"href":"https:\/\/streetspeaks.com\/et\/wp-json\/wp\/v2\/pages\/18496","targetHints":{"allow":["GET"]}}],"collection":[{"href":"https:\/\/streetspeaks.com\/et\/wp-json\/wp\/v2\/pages"}],"about":[{"href":"https:\/\/streetspeaks.com\/et\/wp-json\/wp\/v2\/types\/page"}],"author":[{"embeddable":true,"href":"https:\/\/streetspeaks.com\/et\/wp-json\/wp\/v2\/users\/5"}],"replies":[{"embeddable":true,"href":"https:\/\/streetspeaks.com\/et\/wp-json\/wp\/v2\/comments?post=18496"}],"version-history":[{"count":10,"href":"https:\/\/streetspeaks.com\/et\/wp-json\/wp\/v2\/pages\/18496\/revisions"}],"predecessor-version":[{"id":18531,"href":"https:\/\/streetspeaks.com\/et\/wp-json\/wp\/v2\/pages\/18496\/revisions\/18531"}],"wp:featuredmedia":[{"embeddable":true,"href":"https:\/\/streetspeaks.com\/et\/wp-json\/wp\/v2\/media\/17104"}],"wp:attachment":[{"href":"https:\/\/streetspeaks.com\/et\/wp-json\/wp\/v2\/media?parent=18496"}],"curies":[{"name":"wp","href":"https:\/\/api.w.org\/{rel}","templated":true}]}}