{"id":17127,"date":"2026-04-25T11:18:00","date_gmt":"2026-04-25T11:18:00","guid":{"rendered":"https:\/\/streetspeaks.com\/?page_id=17127"},"modified":"2026-04-25T11:55:10","modified_gmt":"2026-04-25T11:55:10","slug":"jaeni-jumalaema","status":"publish","type":"page","link":"https:\/\/streetspeaks.com\/et\/jaeni-jumalaema\/","title":{"rendered":"Ja\u00e9ni jumalaema"},"content":{"rendered":"\t\t<div data-elementor-type=\"wp-page\" data-elementor-id=\"17127\" class=\"elementor elementor-17127\">\n\t\t\t\t<div class=\"wd-negative-gap elementor-element elementor-element-e890471 e-flex e-con-boxed e-con e-parent\" data-id=\"e890471\" data-element_type=\"container\" data-e-type=\"container\" data-settings=\"{&quot;background_background&quot;:&quot;classic&quot;}\">\n\t\t\t\t\t<div class=\"e-con-inner\">\n\t\t<div class=\"elementor-element elementor-element-2fff707 e-con-full e-flex e-con e-child\" data-id=\"2fff707\" data-element_type=\"container\" data-e-type=\"container\">\n\t\t\t\t<div class=\"elementor-element elementor-element-cfa142d elementor-widget elementor-widget-wd_image_or_svg\" data-id=\"cfa142d\" data-element_type=\"widget\" data-e-type=\"widget\" data-widget_type=\"wd_image_or_svg.default\">\n\t\t\t\t<div class=\"elementor-widget-container\">\n\t\t\t\t\t\n\t\t<div class=\"wd-image text-left\">\n\t\t\t\t\t\t\t\t<img fetchpriority=\"high\" decoding=\"async\" width=\"1920\" height=\"1080\" src=\"https:\/\/streetspeaks.com\/wp-content\/uploads\/2026\/04\/2013_Madonna_of_Jaen-1.jpg\" class=\"attachment-full size-full\" alt=\"\" srcset=\"https:\/\/streetspeaks.com\/wp-content\/uploads\/2026\/04\/2013_Madonna_of_Jaen-1.jpg 1920w, https:\/\/streetspeaks.com\/wp-content\/uploads\/2026\/04\/2013_Madonna_of_Jaen-1-400x225.jpg 400w, https:\/\/streetspeaks.com\/wp-content\/uploads\/2026\/04\/2013_Madonna_of_Jaen-1-1300x731.jpg 1300w, https:\/\/streetspeaks.com\/wp-content\/uploads\/2026\/04\/2013_Madonna_of_Jaen-1-768x432.jpg 768w, https:\/\/streetspeaks.com\/wp-content\/uploads\/2026\/04\/2013_Madonna_of_Jaen-1-1536x864.jpg 1536w, https:\/\/streetspeaks.com\/wp-content\/uploads\/2026\/04\/2013_Madonna_of_Jaen-1-430x242.jpg 430w, https:\/\/streetspeaks.com\/wp-content\/uploads\/2026\/04\/2013_Madonna_of_Jaen-1-700x394.jpg 700w, https:\/\/streetspeaks.com\/wp-content\/uploads\/2026\/04\/2013_Madonna_of_Jaen-1-150x84.jpg 150w\" sizes=\"(max-width: 1920px) 100vw, 1920px\" \/>\t\t\t\t\t<\/div>\n\n\t\t\t\t\t\t<\/div>\n\t\t\t\t<\/div>\n\t\t\t\t<\/div>\n\t\t\t\t\t<\/div>\n\t\t\t\t<\/div>\n\t\t<div class=\"wd-negative-gap elementor-element elementor-element-af2d483 e-flex e-con-boxed e-con e-parent\" data-id=\"af2d483\" data-element_type=\"container\" data-e-type=\"container\" data-settings=\"{&quot;background_background&quot;:&quot;classic&quot;}\">\n\t\t\t\t\t<div class=\"e-con-inner\">\n\t\t\t\t<div class=\"elementor-element elementor-element-89d1704 wd-width-100 elementor-widget elementor-widget-wd_title\" data-id=\"89d1704\" data-element_type=\"widget\" data-e-type=\"widget\" data-widget_type=\"wd_title.default\">\n\t\t\t\t<div class=\"elementor-widget-container\">\n\t\t\t\t\t\t\t<div class=\"title-wrapper wd-set-mb reset-last-child wd-title-color-default wd-title-style-default wd-title-size-default text-center\">\n\n\t\t\t\n\t\t\t<div class=\"liner-continer\">\n\t\t\t\t<h4 class=\"woodmart-title-container title wd-fontsize-l\">Ja\u00e9ni jumalaema<\/h4> \n\t\t\t\t\t\t\t<\/div>\n\n\t\t\t\t\t\t\t<div class=\"title-after_title reset-last-child wd-fontsize-xs\">\n\t\t\t\t\t<p>2013-2025, 65 x 65 cm, \u00f5li paberil<\/p>\t\t\t\t<\/div>\n\t\t\t\t\t<\/div>\n\t\t\t\t\t\t<\/div>\n\t\t\t\t<\/div>\n\t\t\t\t\t<\/div>\n\t\t\t\t<\/div>\n\t\t<div class=\"wd-negative-gap elementor-element elementor-element-04cd576 e-flex e-con-boxed e-con e-parent\" data-id=\"04cd576\" data-element_type=\"container\" data-e-type=\"container\" data-settings=\"{&quot;background_background&quot;:&quot;classic&quot;}\">\n\t\t\t\t\t<div class=\"e-con-inner\">\n\t\t\t\t<div class=\"elementor-element elementor-element-413d281 elementor-widget__width-initial elementor-widget elementor-widget-wd_text_block\" data-id=\"413d281\" data-element_type=\"widget\" data-e-type=\"widget\" data-widget_type=\"wd_text_block.default\">\n\t\t\t\t<div class=\"elementor-widget-container\">\n\t\t\t\t\t\t\t<div class=\"wd-text-block reset-last-child text-left\">\n\t\t\t\n\t\t\t<p>Kompositsiooni aluseks on Ja\u00e9ni katedraali kuppel \u00a0\u2014Renessansi ajastu kosmosemudel, mis on korraldatud keskuse ja sellest kiirguva valguse \u00fcmber.<br \/>Kupli \u00fcmbritsev ringstruktuur p\u00f5hineb nelja ilmakaare s\u00fcsteemil, mida t\u00e4histavad hiina hierogl\u00fc\u00fcfid: \u5317 (p\u00f5hi), \u6771 (ida), \u5357 (l\u00f5una), \u897f (l\u00e4\u00e4s). See s\u00fcsteem on seotud traditsioonilise kosmoloogiaga, kus igale suunale vastavad loomad, aastaajad ja maailma seisundid. Ringi p\u00f5imitud hiina sodiaagi kujutised toovad sisse loodusliku ja instinktiivse tasandi.<\/p><p>Nii astuvad t\u00f6\u00f6s dialoogi kaks s\u00fcmboolset s\u00fcsteemi \u2014 kristlik ja hiina mudel\u2014 millest kumbki kirjeldab omal viisil maailma \u00fclesehitust ja inimese kohta selles. Nende k\u00f5rvutamine ei taotle stiililist \u00fchtsust, vaid s\u00e4ilitab erinevuse kui s\u00fcgavama m\u00f5istmise eelduse.<\/p><p>Ring moodustab mandala \u2014 universaalse vormi, mida Carl Gustav Jung k\u00e4sitles ps\u00fc\u00fchilise terviklikkuse s\u00fcmbolina. Selles struktuuris osutub v\u00e4line maailm \u2014 nii looduslik kui kultuuriline \u2014 organiseerituks kesktelje \u00fcmber, mis ei ole ette antud, vaid tuleb igal \u00fchel oma hinges \u00fcles otsida.<\/p><p>Jumalaema on kujutatud lapse figuurita. See nihutab tajumise religioossest s\u00fc\u017eeest arhet\u00fc\u00fcpsele tasandile: jumalaema esineb mitte tegelase, vaid sisemise ruumi kujutisena, milles saab avalduda see, mis varem oli teadvustamata.<\/p><p>Jungi k\u00e4sitluses vastab see protsess individuatsioonile \u2014homogeense olemise saavutamisele. Vastavalt Jungile, <em>\u201eindividuatsioon ei lahuta inimest maailmast, vaid mahutab selle maailma inimesse\u201c<\/em>.<\/p><p>Maaliring ei ole suletud, vaid pingestatud: see hoiab koos erinevaid kultuurilisi ja s\u00fcmboolseid s\u00fcsteeme, taandamata neid \u00fchtseks keeleks. Selles pinges tekib punkt, kus inimene hakkab tajuma end tervikuna.<\/p><p>Tallinna Oleviste kiriku silueti kaasamine seob universaalse mudeli isikliku kogemuse ja konkreetse paigaga. Oleviste kirikut leiate \u00fcles originaalteose n\u00f6 \u201el\u00e4\u00e4nepoolses\u201c osas, allolevast fragmendist.<\/p><p>Teos ei fikseeri seisundit, vaid protsessi: hetke, milles inimene l\u00e4heneb omaenda olemuse m\u00f5istmisele.<\/p><p>Maali v\u00f5ib k\u00e4sitleda \u201eAndaluusia ts\u00fckli\u201c, Hispaanias viibimise m\u00f5jul ajavahemikus september 2006 kuni oktoober 2007 Erasmus programmi raames Ja\u00e9ni \u00fclikoolis \u00f5ppides kujunenud sarja osana. Samasse ts\u00fckli kuuluvad ka muud, kodulehe galeriisse \u201e\u00fclesriputatud\u201c t\u00f6\u00f6d: <em>Peaingel Miikael, <\/em><em>\u00dabeda<\/em><em> kaitseingel<\/em><em>, Alhambra ja Tema, <\/em><em>Ja\u00e9ni Jumalaema v\u00f5i Legend Ja\u00e9ni lohest<\/em><em>, Fides et Vigor ja<\/em><em> Uinuv Ja\u00e9ni m\u00e4gi<\/em><em>.<\/em><\/p><p>\u00a0<\/p>\n\t\t\t\t\t<\/div>\n\t\t\t\t\t\t<\/div>\n\t\t\t\t<\/div>\n\t\t\t\t\t<\/div>\n\t\t\t\t<\/div>\n\t\t<div class=\"wd-negative-gap elementor-element elementor-element-0042b21 e-flex e-con-boxed e-con e-parent\" data-id=\"0042b21\" data-element_type=\"container\" data-e-type=\"container\" data-settings=\"{&quot;background_background&quot;:&quot;classic&quot;}\">\n\t\t\t\t\t<div class=\"e-con-inner\">\n\t\t\t\t<div class=\"elementor-element elementor-element-1851a3d elementor-widget elementor-widget-wd_image_or_svg\" data-id=\"1851a3d\" data-element_type=\"widget\" data-e-type=\"widget\" data-widget_type=\"wd_image_or_svg.default\">\n\t\t\t\t<div class=\"elementor-widget-container\">\n\t\t\t\t\t\n\t\t<div class=\"wd-image text-left\">\n\t\t\t\t\t\t\t\t<img decoding=\"async\" width=\"2560\" height=\"2556\" src=\"https:\/\/streetspeaks.com\/wp-content\/uploads\/2026\/04\/Madonna_of_Jaen_Ed_2-copy-scaled.jpg\" class=\"attachment-full size-full\" alt=\"\" srcset=\"https:\/\/streetspeaks.com\/wp-content\/uploads\/2026\/04\/Madonna_of_Jaen_Ed_2-copy-scaled.jpg 2560w, https:\/\/streetspeaks.com\/wp-content\/uploads\/2026\/04\/Madonna_of_Jaen_Ed_2-copy-301x300.jpg 301w, https:\/\/streetspeaks.com\/wp-content\/uploads\/2026\/04\/Madonna_of_Jaen_Ed_2-copy-801x800.jpg 801w, https:\/\/streetspeaks.com\/wp-content\/uploads\/2026\/04\/Madonna_of_Jaen_Ed_2-copy-150x150.jpg 150w, https:\/\/streetspeaks.com\/wp-content\/uploads\/2026\/04\/Madonna_of_Jaen_Ed_2-copy-768x767.jpg 768w, https:\/\/streetspeaks.com\/wp-content\/uploads\/2026\/04\/Madonna_of_Jaen_Ed_2-copy-1536x1533.jpg 1536w, https:\/\/streetspeaks.com\/wp-content\/uploads\/2026\/04\/Madonna_of_Jaen_Ed_2-copy-2048x2044.jpg 2048w, https:\/\/streetspeaks.com\/wp-content\/uploads\/2026\/04\/Madonna_of_Jaen_Ed_2-copy-430x429.jpg 430w, https:\/\/streetspeaks.com\/wp-content\/uploads\/2026\/04\/Madonna_of_Jaen_Ed_2-copy-700x699.jpg 700w\" sizes=\"(max-width: 2560px) 100vw, 2560px\" \/>\t\t\t\t\t<\/div>\n\n\t\t\t\t\t\t<\/div>\n\t\t\t\t<\/div>\n\t\t\t\t<div class=\"elementor-element elementor-element-563837f elementor-widget elementor-widget-wd_image_or_svg\" data-id=\"563837f\" data-element_type=\"widget\" data-e-type=\"widget\" data-widget_type=\"wd_image_or_svg.default\">\n\t\t\t\t<div class=\"elementor-widget-container\">\n\t\t\t\t\t\n\t\t<div class=\"wd-image text-left\">\n\t\t\t\t\t\t\t\t<img decoding=\"async\" width=\"2560\" height=\"740\" src=\"https:\/\/streetspeaks.com\/wp-content\/uploads\/2026\/04\/2025_Madonna-and-Child_Fr_6-scaled.jpg\" class=\"attachment-full size-full\" alt=\"\" srcset=\"https:\/\/streetspeaks.com\/wp-content\/uploads\/2026\/04\/2025_Madonna-and-Child_Fr_6-scaled.jpg 2560w, https:\/\/streetspeaks.com\/wp-content\/uploads\/2026\/04\/2025_Madonna-and-Child_Fr_6-400x116.jpg 400w, https:\/\/streetspeaks.com\/wp-content\/uploads\/2026\/04\/2025_Madonna-and-Child_Fr_6-1300x376.jpg 1300w, https:\/\/streetspeaks.com\/wp-content\/uploads\/2026\/04\/2025_Madonna-and-Child_Fr_6-768x222.jpg 768w, https:\/\/streetspeaks.com\/wp-content\/uploads\/2026\/04\/2025_Madonna-and-Child_Fr_6-1536x444.jpg 1536w, https:\/\/streetspeaks.com\/wp-content\/uploads\/2026\/04\/2025_Madonna-and-Child_Fr_6-2048x592.jpg 2048w, https:\/\/streetspeaks.com\/wp-content\/uploads\/2026\/04\/2025_Madonna-and-Child_Fr_6-430x124.jpg 430w, https:\/\/streetspeaks.com\/wp-content\/uploads\/2026\/04\/2025_Madonna-and-Child_Fr_6-700x202.jpg 700w, https:\/\/streetspeaks.com\/wp-content\/uploads\/2026\/04\/2025_Madonna-and-Child_Fr_6-150x43.jpg 150w\" sizes=\"(max-width: 2560px) 100vw, 2560px\" \/>\t\t\t\t\t<\/div>\n\n\t\t\t\t\t\t<\/div>\n\t\t\t\t<\/div>\n\t\t\t\t<div class=\"elementor-element elementor-element-a99bc65 elementor-widget elementor-widget-wd_image_or_svg\" data-id=\"a99bc65\" data-element_type=\"widget\" data-e-type=\"widget\" data-widget_type=\"wd_image_or_svg.default\">\n\t\t\t\t<div class=\"elementor-widget-container\">\n\t\t\t\t\t\n\t\t<div class=\"wd-image text-left\">\n\t\t\t\t\t\t\t\t<img loading=\"lazy\" decoding=\"async\" width=\"16062\" height=\"5430\" src=\"https:\/\/streetspeaks.com\/wp-content\/uploads\/2026\/04\/2025_Madonna-and-Child_Fr_2.jpg\" class=\"attachment-full size-full\" alt=\"\" \/>\t\t\t\t\t<\/div>\n\n\t\t\t\t\t\t<\/div>\n\t\t\t\t<\/div>\n\t\t\t\t<div class=\"elementor-element elementor-element-b6ccdb7 elementor-widget elementor-widget-wd_image_or_svg\" data-id=\"b6ccdb7\" data-element_type=\"widget\" data-e-type=\"widget\" data-widget_type=\"wd_image_or_svg.default\">\n\t\t\t\t<div class=\"elementor-widget-container\">\n\t\t\t\t\t\n\t\t<div class=\"wd-image text-left\">\n\t\t\t\t\t\t\t\t<img loading=\"lazy\" decoding=\"async\" width=\"6284\" height=\"16320\" src=\"https:\/\/streetspeaks.com\/wp-content\/uploads\/2026\/04\/2025_Madonna-and-Child_Fr_5.jpg\" class=\"attachment-full size-full\" alt=\"\" \/>\t\t\t\t\t<\/div>\n\n\t\t\t\t\t\t<\/div>\n\t\t\t\t<\/div>\n\t\t\t\t<div class=\"elementor-element elementor-element-af86cfe elementor-widget elementor-widget-wd_image_or_svg\" data-id=\"af86cfe\" data-element_type=\"widget\" data-e-type=\"widget\" data-widget_type=\"wd_image_or_svg.default\">\n\t\t\t\t<div class=\"elementor-widget-container\">\n\t\t\t\t\t\n\t\t<div class=\"wd-image text-left\">\n\t\t\t\t\t\t\t\t<img loading=\"lazy\" decoding=\"async\" width=\"911\" height=\"2560\" src=\"https:\/\/streetspeaks.com\/wp-content\/uploads\/2026\/04\/2025_Madonna-and-Child_Fr_3-scaled.jpg\" class=\"attachment-full size-full\" alt=\"\" srcset=\"https:\/\/streetspeaks.com\/wp-content\/uploads\/2026\/04\/2025_Madonna-and-Child_Fr_3-scaled.jpg 911w, https:\/\/streetspeaks.com\/wp-content\/uploads\/2026\/04\/2025_Madonna-and-Child_Fr_3-107x300.jpg 107w, https:\/\/streetspeaks.com\/wp-content\/uploads\/2026\/04\/2025_Madonna-and-Child_Fr_3-285x800.jpg 285w, https:\/\/streetspeaks.com\/wp-content\/uploads\/2026\/04\/2025_Madonna-and-Child_Fr_3-768x2158.jpg 768w, https:\/\/streetspeaks.com\/wp-content\/uploads\/2026\/04\/2025_Madonna-and-Child_Fr_3-547x1536.jpg 547w, https:\/\/streetspeaks.com\/wp-content\/uploads\/2026\/04\/2025_Madonna-and-Child_Fr_3-729x2048.jpg 729w, https:\/\/streetspeaks.com\/wp-content\/uploads\/2026\/04\/2025_Madonna-and-Child_Fr_3-430x1208.jpg 430w, https:\/\/streetspeaks.com\/wp-content\/uploads\/2026\/04\/2025_Madonna-and-Child_Fr_3-700x1967.jpg 700w, https:\/\/streetspeaks.com\/wp-content\/uploads\/2026\/04\/2025_Madonna-and-Child_Fr_3-150x421.jpg 150w, https:\/\/streetspeaks.com\/wp-content\/uploads\/2026\/04\/2025_Madonna-and-Child_Fr_3-scaled-300x843.jpg 300w\" sizes=\"(max-width: 911px) 100vw, 911px\" \/>\t\t\t\t\t<\/div>\n\n\t\t\t\t\t\t<\/div>\n\t\t\t\t<\/div>\n\t\t\t\t\t<\/div>\n\t\t\t\t<\/div>\n\t\t\t\t<\/div>\n\t\t","protected":false},"excerpt":{"rendered":"<p>Ja\u00e9ni jumalaema 2013-2025, 65 x 65 cm, \u00f5li paberil Kompositsiooni aluseks on Ja\u00e9ni katedraali kuppel \u00a0\u2014Renessansi ajastu kosmosemudel, mis on<\/p>\n","protected":false},"author":5,"featured_media":17104,"parent":0,"menu_order":0,"comment_status":"closed","ping_status":"closed","template":"","meta":{"footnotes":""},"class_list":["post-17127","page","type-page","status-publish","has-post-thumbnail","hentry"],"_links":{"self":[{"href":"https:\/\/streetspeaks.com\/et\/wp-json\/wp\/v2\/pages\/17127","targetHints":{"allow":["GET"]}}],"collection":[{"href":"https:\/\/streetspeaks.com\/et\/wp-json\/wp\/v2\/pages"}],"about":[{"href":"https:\/\/streetspeaks.com\/et\/wp-json\/wp\/v2\/types\/page"}],"author":[{"embeddable":true,"href":"https:\/\/streetspeaks.com\/et\/wp-json\/wp\/v2\/users\/5"}],"replies":[{"embeddable":true,"href":"https:\/\/streetspeaks.com\/et\/wp-json\/wp\/v2\/comments?post=17127"}],"version-history":[{"count":4,"href":"https:\/\/streetspeaks.com\/et\/wp-json\/wp\/v2\/pages\/17127\/revisions"}],"predecessor-version":[{"id":17134,"href":"https:\/\/streetspeaks.com\/et\/wp-json\/wp\/v2\/pages\/17127\/revisions\/17134"}],"wp:featuredmedia":[{"embeddable":true,"href":"https:\/\/streetspeaks.com\/et\/wp-json\/wp\/v2\/media\/17104"}],"wp:attachment":[{"href":"https:\/\/streetspeaks.com\/et\/wp-json\/wp\/v2\/media?parent=17127"}],"curies":[{"name":"wp","href":"https:\/\/api.w.org\/{rel}","templated":true}]}}